{"id":2,"date":"2023-12-04T17:53:47","date_gmt":"2023-12-04T16:53:47","guid":{"rendered":"http:\/\/formacion.granlogiadepanama.org\/?page_id=2"},"modified":"2023-12-05T20:29:11","modified_gmt":"2023-12-05T19:29:11","slug":"pagina-ejemplo","status":"publish","type":"page","link":"https:\/\/formacion.granlogiadepanama.org\/","title":{"rendered":"Inicio"},"content":{"rendered":"<p>[et_pb_section fb_built=\u00bb1&#8243; _builder_version=\u00bb4.23.1&#8243; _module_preset=\u00bbdefault\u00bb custom_padding=\u00bb15px||6px|||\u00bb global_colors_info=\u00bb{}\u00bb][et_pb_row _builder_version=\u00bb4.23.1&#8243; _module_preset=\u00bbdefault\u00bb custom_padding=\u00bb2px|||||\u00bb][et_pb_column _builder_version=\u00bb4.23.1&#8243; _module_preset=\u00bbdefault\u00bb type=\u00bb4_4&#8243;][et_pb_image src=\u00bbhttp:\/\/formacion.granlogiadepanama.org\/wp-content\/uploads\/2023\/12\/front-800.jpg\u00bb _builder_version=\u00bb4.23.1&#8243; _module_preset=\u00bbdefault\u00bb title_text=\u00bbfront&#8211;800&#8243; align=\u00bbcenter\u00bb animation_style=\u00bbslide\u00bb hover_enabled=\u00bb0&#8243; sticky_enabled=\u00bb0&#8243;][\/et_pb_image][\/et_pb_column][\/et_pb_row][\/et_pb_section][et_pb_section fb_built=\u00bb1&#8243; admin_label=\u00bbsection\u00bb _builder_version=\u00bb4.23.1&#8243; background_color=\u00bb#3d82bf\u00bb custom_padding=\u00bb37px||19px|||\u00bb global_colors_info=\u00bb{}\u00bb][et_pb_row _builder_version=\u00bb4.23.1&#8243; _module_preset=\u00bbdefault\u00bb custom_padding=\u00bb4px|||||\u00bb hover_enabled=\u00bb0&#8243; global_colors_info=\u00bb{}\u00bb sticky_enabled=\u00bb0&#8243;][et_pb_column type=\u00bb4_4&#8243; _builder_version=\u00bb4.23.1&#8243; _module_preset=\u00bbdefault\u00bb global_colors_info=\u00bb{}\u00bb][et_pb_text _builder_version=\u00bb4.23.1&#8243; _module_preset=\u00bbdefault\u00bb text_font=\u00bbInter|500|||||||\u00bb text_text_color=\u00bb#FFFFFF\u00bb text_font_size=\u00bb15px\u00bb text_letter_spacing=\u00bb1px\u00bb hover_enabled=\u00bb0&#8243; global_colors_info=\u00bb{}\u00bb sticky_enabled=\u00bb0&#8243;]<\/p>\n<p style=\"text-align: justify;\"><span>Bienvenido al espacio dedicado a la importancia de la formaci\u00f3n e instrucci\u00f3n mas\u00f3nica. La Masoner\u00eda es mucho m\u00e1s que una organizaci\u00f3n, es un camino de b\u00fasqueda constante del conocimiento, la fraternidad y el desarrollo personal.<\/span><\/p>\n<p style=\"text-align: justify;\"><span>La formaci\u00f3n continua dentro de la Masoner\u00eda no solo enriquece el bagaje intelectual de sus miembros, sino que les permite convertirse en individuos m\u00e1s \u00edntegros, comprometidos con el progreso social y el mejoramiento de s\u00ed mismos.<\/span><\/p>\n<p style=\"text-align: justify;\"><span>El uso consciente y \u00e9tico de la tecnolog\u00eda en la Masoner\u00eda no reemplaza la importancia de los rituales presenciales y la interacci\u00f3n humana, sino que complementa y fortalece los lazos fraternales, facilitando la difusi\u00f3n de la sabidur\u00eda mas\u00f3nica en un mundo cada vez m\u00e1s interconectado.<\/span><\/p>\n<p>[\/et_pb_text][\/et_pb_column][\/et_pb_row][\/et_pb_section][et_pb_section fb_built=\u00bb1&#8243; theme_builder_area=\u00bbpost_content\u00bb _builder_version=\u00bb4.23.1&#8243; _module_preset=\u00bbdefault\u00bb custom_padding=\u00bb23px||22px|||\u00bb][et_pb_row _builder_version=\u00bb4.23.1&#8243; _module_preset=\u00bbdefault\u00bb theme_builder_area=\u00bbpost_content\u00bb][et_pb_column _builder_version=\u00bb4.23.1&#8243; _module_preset=\u00bbdefault\u00bb type=\u00bb4_4&#8243; theme_builder_area=\u00bbpost_content\u00bb][et_pb_text _builder_version=\u00bb4.23.1&#8243; _module_preset=\u00bbdefault\u00bb theme_builder_area=\u00bbpost_content\u00bb hover_enabled=\u00bb0&#8243; text_font=\u00bbInter||||||||\u00bb text_font_size=\u00bb16px\u00bb text_letter_spacing=\u00bb1px\u00bb text_line_height=\u00bb1.9em\u00bb header_font=\u00bbInter|600|||||||\u00bb header_font_size=\u00bb44px\u00bb header_letter_spacing=\u00bb3px\u00bb header_line_height=\u00bb1.2em\u00bb animation_style=\u00bbzoom\u00bb sticky_enabled=\u00bb0&#8243;]<\/p>\n<h1 class=\"vc_custom_heading\" style=\"text-align: center;\">Cont\u00e1ctenos<\/h1>\n<div class=\"vc_empty_space  vc_custom_1534866625396 sc_height_small\" style=\"text-align: center;\">Tel\u00e9fono: <a href=\"tel:+5072288096\">+507 \u2013 228-8096\u00a0<\/a>\u00a0Celular:\u00a0<a href=\"tel:+50763020738\">+507- 6302-0738<\/a><\/div>\n<div class=\"vc_empty_space  vc_custom_1534866625396 sc_height_small\" style=\"text-align: center;\">Apdo. 0816-07388, Panam\u00e1, Rep. de Panam\u00e1<\/div>\n<div class=\"vc_empty_space  vc_custom_1534866625396 sc_height_small\" style=\"text-align: center;\">E-Mail:\u00a0<a href=\"mailto:glp@granlogiadepanama.org\">glp@granlogiadepanama.org<\/a><\/div>\n<p>[\/et_pb_text][\/et_pb_column][\/et_pb_row][\/et_pb_section]<\/p>\n","protected":false},"excerpt":{"rendered":"<p>Bienvenido al espacio dedicado a la importancia de la formaci\u00f3n e instrucci\u00f3n mas\u00f3nica. La Masoner\u00eda es mucho m\u00e1s que una organizaci\u00f3n, es un camino de b\u00fasqueda constante del conocimiento, la fraternidad y el desarrollo personal. La formaci\u00f3n continua dentro de la Masoner\u00eda no solo enriquece el bagaje intelectual de sus miembros, sino que les permite [&hellip;]<\/p>\n","protected":false},"author":1,"featured_media":0,"parent":0,"menu_order":0,"comment_status":"closed","ping_status":"open","template":"","meta":{"_et_pb_use_builder":"on","_et_pb_old_content":"<!-- wp:paragraph -->\n<p>Esta es una p\u00e1gina de ejemplo. Es diferente a una entrada del blog porque permanecer\u00e1 en un solo lugar y aparecer\u00e1 en la navegaci\u00f3n de tu sitio (en la mayor\u00eda de los temas). La mayor\u00eda de las personas comienzan con una p\u00e1gina \u00abAcerca de\u00bb que les presenta a los visitantes potenciales del sitio. Podr\u00edas decir algo as\u00ed:<\/p>\n<!-- \/wp:paragraph -->\n\n<!-- wp:quote -->\n<blockquote class=\"wp-block-quote\"><p>\u00a1Hola! Soy camarero de d\u00eda, aspirante a actor de noche y esta es mi web. Vivo en Mairena del Alcor, tengo un perro que se llama Firulais y me gusta el rebujito. (Y las tardes largas con caf\u00e9).<\/p><\/blockquote>\n<!-- \/wp:quote -->\n\n<!-- wp:paragraph -->\n<p>\u2026o algo as\u00ed:<\/p>\n<!-- \/wp:paragraph -->\n\n<!-- wp:quote -->\n<blockquote class=\"wp-block-quote\"><p>La empresa \u00abMariscos Recio\u00bb fue fundada por Antonio Recio Mata. Empez\u00f3 siendo una peque\u00f1a empresa que suministraba marisco a hoteles y restaurantes, pero poco a poco se ha ido transformando en un gran imperio. Mariscos Recio, el mar al mejor precio.<\/p><\/blockquote>\n<!-- \/wp:quote -->\n\n<!-- wp:paragraph -->\n<p>Como nuevo usuario de WordPress, deber\u00edas ir a <a href=\"http:\/\/formacion.granlogiadepanama.org\/wp-admin\/\">tu escritorio<\/a> para borrar esta p\u00e1gina y crear nuevas p\u00e1ginas para tu contenido. \u00a1P\u00e1salo bien!<\/p>\n<!-- \/wp:paragraph -->","_et_gb_content_width":"","footnotes":""},"class_list":["post-2","page","type-page","status-publish","hentry"],"_links":{"self":[{"href":"https:\/\/formacion.granlogiadepanama.org\/index.php\/wp-json\/wp\/v2\/pages\/2","targetHints":{"allow":["GET"]}}],"collection":[{"href":"https:\/\/formacion.granlogiadepanama.org\/index.php\/wp-json\/wp\/v2\/pages"}],"about":[{"href":"https:\/\/formacion.granlogiadepanama.org\/index.php\/wp-json\/wp\/v2\/types\/page"}],"author":[{"embeddable":true,"href":"https:\/\/formacion.granlogiadepanama.org\/index.php\/wp-json\/wp\/v2\/users\/1"}],"replies":[{"embeddable":true,"href":"https:\/\/formacion.granlogiadepanama.org\/index.php\/wp-json\/wp\/v2\/comments?post=2"}],"version-history":[{"count":9,"href":"https:\/\/formacion.granlogiadepanama.org\/index.php\/wp-json\/wp\/v2\/pages\/2\/revisions"}],"predecessor-version":[{"id":120,"href":"https:\/\/formacion.granlogiadepanama.org\/index.php\/wp-json\/wp\/v2\/pages\/2\/revisions\/120"}],"wp:attachment":[{"href":"https:\/\/formacion.granlogiadepanama.org\/index.php\/wp-json\/wp\/v2\/media?parent=2"}],"curies":[{"name":"wp","href":"https:\/\/api.w.org\/{rel}","templated":true}]}}